{"id":20,"date":"2012-10-29T22:04:32","date_gmt":"2012-10-29T21:04:32","guid":{"rendered":"http:\/\/www.cesamsrl.com\/?page_id=20"},"modified":"2023-01-03T17:52:55","modified_gmt":"2023-01-03T16:52:55","slug":"chi-siamo","status":"publish","type":"page","link":"http:\/\/www.cesamsrl.com\/?page_id=20","title":{"rendered":"chi siamo"},"content":{"rendered":"\n<p>La Cesam S.r.l. opera nel settore dell\u2019amministrazione dei condomini dal 2005, facendo di seriet\u00e0, affidabilit\u00e0 e trasparenza nella gestione della contabilit\u00e0 e delle procedure amministrative i propri punti fermi per lo svolgimento dell\u2019attivit\u00e0 professionale.<\/p>\n\n\n\n<p>L\u2019ufficio \u00e8 situato a Opera (MI), in Via Martiri di Cefalonia 27, ed \u00e8 contattabile tramite i seguenti recapiti:<br><br><img loading=\"lazy\" decoding=\"async\" width=\"25\" height=\"25\" class=\"wp-image-266\" style=\"width: 25px;\" src=\"http:\/\/www.cesamsrl.com\/wp-content\/uploads\/2015\/10\/phone_sito.png\" alt=\"\"> 0257610150<br><img loading=\"lazy\" decoding=\"async\" width=\"25\" height=\"25\" class=\"wp-image-265\" style=\"width: 25px;\" src=\"http:\/\/www.cesamsrl.com\/wp-content\/uploads\/2015\/10\/email_sito.png\" alt=\"\"> info@cesamsrl.com \u2013 info@pec.cesamsrl.com<br><br>Il ricevimento dei condomini \u00e8 previsto al mercoled\u00ec dalle ore 15.00 alle ore 19.00, negli altri giorni su appuntamento.<br>La struttura dello studio prevede una gestione amministrativa interna, mentre per la parte tecnica, legale e fiscale vengono coinvolti professionisti qualificati, sempre disponibili per sopralluoghi, riunioni, presenza in Assemblea.<\/p>\n\n\n\n<p>Lo Studio Cesam \u00e8 inoltre dotato di una sala per svolgimento delle riunioni con i consiglieri o per le assemblee dei condomini fino a 15 persone.<\/p>\n\n\n\n<p>Lo studio \u00e8 in possesso di una polizza assicurativa per la responsabilit\u00e0 civile professionale per gli atti compiuti nell&#8217;esercizio del mandato.<\/p>\n","protected":false},"excerpt":{"rendered":"<p>La Cesam S.r.l. opera nel settore dell\u2019amministrazione dei condomini dal 2005, facendo di seriet\u00e0, affidabilit\u00e0 e trasparenza nella gestione della contabilit\u00e0 e delle procedure amministrative i propri punti fermi per lo svolgimento dell\u2019attivit\u00e0 professionale. L\u2019ufficio \u00e8 situato a Opera (MI), in Via Martiri di Cefalonia 27, ed \u00e8 contattabile tramite i seguenti recapiti: 0257610150 info@cesamsrl.com [&hellip;]<\/p>\n","protected":false},"author":1,"featured_media":0,"parent":0,"menu_order":3,"comment_status":"closed","ping_status":"closed","template":"page-full_width.php","meta":{"footnotes":""},"class_list":["post-20","page","type-page","status-publish","hentry"],"_links":{"self":[{"href":"http:\/\/www.cesamsrl.com\/index.php?rest_route=\/wp\/v2\/pages\/20","targetHints":{"allow":["GET"]}}],"collection":[{"href":"http:\/\/www.cesamsrl.com\/index.php?rest_route=\/wp\/v2\/pages"}],"about":[{"href":"http:\/\/www.cesamsrl.com\/index.php?rest_route=\/wp\/v2\/types\/page"}],"author":[{"embeddable":true,"href":"http:\/\/www.cesamsrl.com\/index.php?rest_route=\/wp\/v2\/users\/1"}],"replies":[{"embeddable":true,"href":"http:\/\/www.cesamsrl.com\/index.php?rest_route=%2Fwp%2Fv2%2Fcomments&post=20"}],"version-history":[{"count":7,"href":"http:\/\/www.cesamsrl.com\/index.php?rest_route=\/wp\/v2\/pages\/20\/revisions"}],"predecessor-version":[{"id":399,"href":"http:\/\/www.cesamsrl.com\/index.php?rest_route=\/wp\/v2\/pages\/20\/revisions\/399"}],"wp:attachment":[{"href":"http:\/\/www.cesamsrl.com\/index.php?rest_route=%2Fwp%2Fv2%2Fmedia&parent=20"}],"curies":[{"name":"wp","href":"https:\/\/api.w.org\/{rel}","templated":true}]}}