{"id":231,"date":"2014-03-20T10:10:21","date_gmt":"2014-03-20T09:10:21","guid":{"rendered":"http:\/\/www.cesamsrl.com\/?page_id=231"},"modified":"2015-06-01T15:07:48","modified_gmt":"2015-06-01T13:07:48","slug":"privacy","status":"publish","type":"page","link":"http:\/\/www.cesamsrl.com\/?page_id=231","title":{"rendered":"Cookies e privacy policy"},"content":{"rendered":"<p><span style=\"color: #0000ff;\"><strong>Cookies policy<\/strong><\/span><\/p>\n<p>Come prescritto dai decreti legislativi 69\/2012 e 70\/2012 e dal comma 2 dell\u2019art. 122 del Codice della Privacy, ovvero il recepimento italiano della cosiddetta Legge Europea \u2018Cookie Law\u2019, in questa pagina si spiegano le modalit\u00e0 con le quali questo sito utilizza i cookies.<br \/>\nPer ogni informazione sui cookies e il loro funzionamento si veda: <a href=\"http:\/\/www.allaboutcookies.org\/\" target=\"_blank\">www.allaboutcookies.org<\/a><\/p>\n<p><span style=\"color: #0000ff;\">1. Cookies \u2018tecnici\u2019 utilizzati dal nostro sito<\/span><br \/>\nQuesto sito utilizza alcuni cookies per il funzionamento del sito stesso (cookies del tipo cosiddetto \u2018tecnico\u2019) e per migliorare la navigazione. Tra essi, per esempio, i cookies utilizzati da javascript e da wordpress stesso, che \u00e8 il CMS con il quale \u00e8 costruito questo sito.<br \/>\n<strong>Noi non raccogliamo alcuna informazione personale con questo tipo di funzionalit\u00e0 e l\u2019utilizzo dei cookies in questi casi \u00e8 semplicemente necessario per il funzionamento del sito stesso.<\/strong><br \/>\n<strong>Qualora non si sia d\u2019accordo con l\u2019utlizzo di questi cookies vi invitiamo a lasciare la navigazione su questo sito. Viceversa, il proseguimento della navigazione sul nostro sito \u00e8 considerata alla stregua di un assenso<\/strong>. In alternativa, per limitare il ricevimento di cookie tramite il browser visita i seguenti siti per comprendere come impedire al tuo dispositivo di ricevere i cookie (a seconda del browser che adoperi): <a href=\"http:\/\/support.mozilla.org\/en-US\/kb\/cookies-information-websites-store-on-your-computer\" target=\"_blank\">Firefox<\/a>; <a href=\"http:\/\/support.microsoft.com\/kb\/196955\" target=\"_blank\">Internet Explorer<\/a>; <a href=\"http:\/\/support.google.com\/chrome\/bin\/answer.py?hl=en&amp;answer=95647\" target=\"_blank\">Google Chrome<\/a> e <a href=\"http:\/\/support.apple.com\/kb\/PH5042\" target=\"_blank\">Safari<\/a>. Naturalmente, in questo secondo caso non garantiamo il corretto funzionamento di tutte le parti del sito.<\/p>\n<p><span style=\"color: #0000ff;\">2. Cookies di terze parti utilizzati dal nostro sito<\/span><br \/>\nQuesto sito utilizza tipologie di cookies di terze parti, relativi a servizi di WordPress.com.<br \/>\nPer informazioni dettagliate su WordPress.com e le loro politiche di utilizzo, puoi consultare i seguenti due links: <a href=\"http:\/\/automattic.com\/privacy\/\" target=\"_blank\">privacy<\/a> | <a href=\"https:\/\/it.wordpress.com\/tos\/\" target=\"_blank\">termini di utilizzo<\/a><br \/>\nLe statistiche relative alle visite su questo sito sono raccolte da WordPress.com senza per\u00f2 registrare l\u2019IP del visitatore.<br \/>\n<strong>Cesam S.r.l., quindi, raccoglie le informazioni di navigazione in forma anonima e non utilizza i dati raccolti per alcuna finalit\u00e0 che non sia di analisi interna sul funzionamento e la fruizione dei contenuti del sito<\/strong>.<\/p>\n<p><span style=\"color: #0000ff;\">3. Altri cookies di terze parti utilizzati dal nostro sito<\/span><br \/>\nUtilizzando i moduli presenti sul sito, per esempio per contattarci, \u00e8 necessario, per il corretto funzionamento dei sopradetti moduli, installare alcuni cookies. Tali cookies sono considerati come \u2018tecnici\u2019 (per esempio: la generazione dei codici captcha) e non forniscono alcuna informazione al gestore del sito. L\u2019unica informazione inviata con l\u2019utilizzo di questi moduli \u00e8 l\u2019indirizzo mail, peraltro fornito in maniera esplicita dall\u2019utente, e tale indirizzo \u00e8 soggetto alle norme sulla privacy, esplicitate di seguito.<\/p>\n<p><span style=\"color: #0000ff;\">4. Note<\/span><br \/>\nCi riserviamo il diritto di modificare la presente policy sui Cookie, in tutto o in parte, a nostra discrezione. Tutte le sue modifiche diventeranno efficaci subito dopo la pubblicazione sul sito della policy aggiornata. L\u2019uso del sito o dei servizi successivamente la modifica della presente Policy sui Cookie implica accettazione di tali modifiche. Se non acconsenti ai termini della presente policy sui Cookie, come modificato di tanto in tanto, in tutto o in parte, devi interrompere l\u2019uso del sito.<\/p>\n<p><span style=\"color: #0000ff;\"><strong>Privacy policy (informativa\u00a0ex\u00a0art. 13 D.LGS. 196\/2003)<\/strong><\/span><\/p>\n<p>Gent.le Sig.ra\/Egr. Sig.,<br \/>\ncon la presente provvediamo a informarLa che il D.Lgs. 196\/2003 (Codice in materia di protezione dei dati personali) prevede la tutela delle persone e di altri soggetti rispetto al trattamento dei dati personali.<br \/>\nLa nostra societ\u00e0, nello svolgimento della attivit\u00e0 di amministrazione del Condominio, acquisisce e detiene alcuni Suoi dati personali, indispensabili per consentire l\u2019attivit\u00e0 amministrativa e contabile che la riguarda. Il trattamento di tali dati \u00e8 improntato sui principi di correttezza, liceit\u00e0, trasparenza e tutela della Sua riservatezza e dei Suoi diritti.<br \/>\nAi sensi dell\u2019art. 13 del D.Lgs 196\/2003 Le forniamo, quindi, le seguenti informazioni:<\/p>\n<p><span style=\"color: #0000ff;\">1. Finalit\u00e0 del trattamento<\/span><br \/>\nI dati da Lei forniti o acquisiti dal precedente Amministratore verranno trattati per lo svolgimento delle attivit\u00e0 di gestione amministrativa e contabile del Condominio e potranno essere comunicati agli altri condomini in ossequio al diritto di ciascuno di conoscere la situazione patrimoniale del Condominio.<br \/>\nI dati non verranno comunicati a terzi, ad eccezione delle seguenti casi:<br \/>\na. comunicazione al difensore del Condominio in caso di procedure legali da intraprendere nei confronti dell\u2019interessato o per altre esigenze difensive del Condominio coinvolto in procedimenti giudiziari;<br \/>\nb. comunicazione a collaboratori esterni e tecnici per lo svolgimento delle attivit\u00e0 tecnico-amministrative necessari per la regolare gestione condominiale;<br \/>\nc. comunicazioni ad Enti Pubblici e\/o privati in occasione dell\u2019espletamento di pratiche amministrative o fiscali (es. detrazione fiscale, stipula contratti per utenze&#8230;);<br \/>\nd. comunicazione ai fornitori per l\u2019espletamento dei servizi di manutenzione ordinaria e straordinaria, e per quant\u2019altro ad essi connesso;<br \/>\ne. comunicazione a enti pubblici e privati preposti alla distribuzione della posta, per tutta la corrispondenza inerente la gestione condominiale;<br \/>\nf. comunicazione agli uffici pubblici in ottemperanza a precise prescrizioni di legge o amministrative;<br \/>\ng. comunicazione a banche ed istituti di credito, presso cui il Condominio intrattiene rapporti, nonch\u00e9 compagnie di assicurazioni in occasione di denuncia e liquidazione di sinistri.<\/p>\n<p><span style=\"color: #0000ff;\">2. Tipologia di dati<\/span><br \/>\nPer il corretto svolgimento delle sopra dette attivit\u00e0, \u00e8 necessario che il titolare del trattamento sia in possesso dei seguenti dati:<br \/>\na. nominativi di proprietari e conduttori delle unit\u00e0 abitative, loro dati anagrafici e fiscali, indirizzi, recapiti telefonici (abitazione, luoghi di lavoro, cellulari), indirizzi di posta elettronica;<br \/>\nb. dati catastali delle propriet\u00e0;<br \/>\nc. informazioni sulla composizione del nucleo familiare (per i casi in cui sia necessario al calcolo della ripartizione delle spese relative, per esempio, al consumo di acqua).<br \/>\nLa comunicazione dei sopra detti dati \u00e8 obbligatoria. La mancata o parziale comunicazione degli stessi o il divieto al loro trattamento pu\u00f2 impedire di dare corso alle procedure per la regolare gestione amministrativa del Condominio.<\/p>\n<p>Indicazioni riguardanti la\u00a0consultazione di questo sito web.<br \/>\nDati di navigazione<br \/>\nI sistemi informatici e le procedure software preposte al funzionamento di questo sito web acquisiscono, nel corso del loro normale esercizio, alcuni dati personali la cui trasmissione \u00e8 implicita nell\u2019uso dei protocolli di comunicazione di Internet. Si tratta di informazioni che non sono raccolte per essere associate a interessati identificati, ma che per loro stessa natura potrebbero, attraverso elaborazioni ed associazioni con dati detenuti da terzi, permettere di identificare gli utenti.<br \/>\nIn questa categoria di dati rientrano gli indirizzi IP o i nomi a dominio dei computer utilizzati dagli utenti che si connettono al sito, gli indirizzi in notazione URI (Uniform Resource Identifier) delle risorse richieste, l\u2019orario della richiesta, il metodo utilizzato nel sottoporre la richiesta al server, la dimensione del file ottenuto in risposta, il codice numerico indicante lo stato della risposta data dal server (buon fine, errore, ecc.) ed altri parametri relativi al sistema operativo e all\u2019ambiente informatico dell\u2019utente. Questi dati vengono, al pi\u00f9, utilizzati al solo fine di ricavare informazioni statistiche anonime sull\u2019uso del sito e per controllarne il corretto funzionamento. I dati potrebbero essere utilizzati per l\u2019accertamento di responsabilit\u00e0 in caso di ipotetici reati informatici ai danni del sito.<\/p>\n<p>Dati forniti volontariamente dall&#8217;utente<br \/>\nL\u2019invio facoltativo, esplicito e volontario di posta elettronica agli indirizzi indicati su questo sito comporta la successiva acquisizione dell\u2019indirizzo del mittente, indispensabile per rispondere alle richieste, nonch\u00e9 degli eventuali altri dati personali inseriti nel messaggio. Il loro mancato conferimento, anche parziale, pu\u00f2 comportare l\u2019impossibilit\u00e0 di ottenere quanto richiesto.<\/p>\n<p><span style=\"color: #0000ff;\">3. Modalit\u00e0 di trattamento e conservazione<\/span><br \/>\nIl trattamento sar\u00e0 effettuato sia in forma cartacea, sia informatica. In entrambi i casi i dati saranno custoditi in modo da ridurre al minimo, mediante l\u2019adozione di idonee e preventive misure di sicurezza, i rischi di distruzione o perdita, anche accidentale, dei dati stessi, di accesso non autorizzato o di trattamento non consentito o non conforme alle finalit\u00e0 della raccolta.<\/p>\n<p><span style=\"color: #0000ff;\">4. Titolare e responsabile del trattamento<\/span><br \/>\nIl Titolare del trattamento dei dati \u00e8 la Cesam S.r.l., societ\u00e0 che amministra il Condominio nel quale Lei detiene la propriet\u00e0 o la conduzione di uno o pi\u00f9 immobili o presso il quale Lei ha operato in qualit\u00e0 di fornitore.<br \/>\nIl Responsabile del trattamento dei dati \u00e8 la Sig.ra Giuseppina Grassi, in qualit\u00e0 di legale rappresentante della Cesam S.r.l.<br \/>\nLa sede legale della Cesam S.r.l. \u00e8 a Opera (MI) in via Martiri di Cefalonia 27\/A.<br \/>\nI contatti sono:<br \/>\ntelefono 0257610150<br \/>\nfax 0257610140<br \/>\nemail info@cesamsrl.com \u2013 info@pec.cesamsrl.com<\/p>\n<p>Tutte le richieste inerenti il trattamento dei dati dovranno essere rivolte al Titolare, nella persona del Responsabile.<br \/>\nI dati potranno essere trattati da soci, collaboratori o dipendenti della Cesam S.r.l.\u00a0secondo le indicazioni operative impartite dal Responsabile.<\/p>\n<p><span style=\"color: #0000ff;\">5. Diritto di accesso<\/span><br \/>\nAi sensi dell\u2019art. 7 del D.Lgs 196\/2003, in ogni momento sar\u00e0 possibile esercitare il diritto di accesso ai dati personali, previa richiesta di apposito appuntamento da inoltrare al Titolare sopra indicato.<\/p>\n","protected":false},"excerpt":{"rendered":"<p>Cookies policy Come prescritto dai decreti legislativi 69\/2012 e 70\/2012 e dal comma 2 dell\u2019art. 122 del Codice della Privacy, ovvero il recepimento italiano della cosiddetta Legge Europea \u2018Cookie Law\u2019, in questa pagina si spiegano le modalit\u00e0 con le quali questo sito utilizza i cookies. Per ogni informazione sui cookies e il loro funzionamento si [&hellip;]<\/p>\n","protected":false},"author":1,"featured_media":0,"parent":0,"menu_order":0,"comment_status":"closed","ping_status":"closed","template":"page-full_width.php","meta":{"footnotes":""},"class_list":["post-231","page","type-page","status-publish","hentry"],"_links":{"self":[{"href":"http:\/\/www.cesamsrl.com\/index.php?rest_route=\/wp\/v2\/pages\/231","targetHints":{"allow":["GET"]}}],"collection":[{"href":"http:\/\/www.cesamsrl.com\/index.php?rest_route=\/wp\/v2\/pages"}],"about":[{"href":"http:\/\/www.cesamsrl.com\/index.php?rest_route=\/wp\/v2\/types\/page"}],"author":[{"embeddable":true,"href":"http:\/\/www.cesamsrl.com\/index.php?rest_route=\/wp\/v2\/users\/1"}],"replies":[{"embeddable":true,"href":"http:\/\/www.cesamsrl.com\/index.php?rest_route=%2Fwp%2Fv2%2Fcomments&post=231"}],"version-history":[{"count":7,"href":"http:\/\/www.cesamsrl.com\/index.php?rest_route=\/wp\/v2\/pages\/231\/revisions"}],"predecessor-version":[{"id":249,"href":"http:\/\/www.cesamsrl.com\/index.php?rest_route=\/wp\/v2\/pages\/231\/revisions\/249"}],"wp:attachment":[{"href":"http:\/\/www.cesamsrl.com\/index.php?rest_route=%2Fwp%2Fv2%2Fmedia&parent=231"}],"curies":[{"name":"wp","href":"https:\/\/api.w.org\/{rel}","templated":true}]}}