{"id":271,"date":"2015-10-07T13:47:03","date_gmt":"2015-10-07T11:47:03","guid":{"rendered":"http:\/\/www.cesamsrl.com\/?page_id=271"},"modified":"2019-02-06T19:43:13","modified_gmt":"2019-02-06T18:43:13","slug":"privacy-2","status":"publish","type":"page","link":"http:\/\/www.cesamsrl.com\/?page_id=271","title":{"rendered":"Privacy policy"},"content":{"rendered":"\n<p class=\"has-text-color has-vivid-cyan-blue-color\"> INFORMATIVA REGOLAMENTO UE 2016\/679 (GDPR)<\/p>\n\n\n\n<p>Gent.le Sig.ra\/Egr. Sig.,<br> la nostra societ\u00e0, nello svolgimento dell\u2019amministrazione del Condominio, acquisisce e detiene alcuni suoi dati personali, indispensabili per consentire l\u2019attivit\u00e0 amministrativa e contabile che la riguarda.<br> Gli articoli 13 e 14 del Regolamento UE 2016\/679, relativo alla protezione delle persone fisiche con riguardo al trattamento dei dati personali (per brevit\u00e0 GDPR 2016\/679), prevedono la trasmissione delle seguenti informazioni:<\/p>\n\n\n\n<ol class=\"wp-block-list\"><li>TITOLARE E ALTRI SOGGETTI RESPONSABILI<br> Il Titolare del trattamento dei dati \u00e8 il Condominio nel quale Lei detiene la propriet\u00e0 o la conduzione di uno o pi\u00f9 immobili o presso il quale Lei ha operato in qualit\u00e0 di fornitore.<br> Il Responsabile del trattamento e della protezione, in qualit\u00e0 di societ\u00e0 che amministra il condominio \u00e8: Cesam S.r.l. \u2013 Via Martiri di Cefalonia 27\/A, 20090 Opera (MI), telefono 0257610150, email info@cesamsrl.com, PEC info@pec.cesamsrl.com.<\/li><li>FINALIT\u00c1 E BASE GIURIDICA DEL TRATTAMENTO<br> I dati che La riguardano, direttamente da Lei forniti in passato o che verranno comunicati o reperiti in futuro, rientrano nell&#8217;ambito del mandato ad amministrare il condominio e sono destinati esclusivamente alle finalit\u00e0 connesse:<br> \u2013 all&#8217;attivit\u00e0 di gestione del condominio e al corretto adempimento del relativo mandato nel rispetto delle prescrizioni di legge nonch\u00e9 per gli adempimenti degli obblighi contabili e fiscali e \u2013 ove vi siano dipendenti del condominio \u2013 degli obblighi retributivi e contributivi;<br> \u2013 all&#8217;eventuale necessit\u00e0 di rappresentarla quale condomino in sede amministrativa, giudiziaria, stragiudiziale e contro terzi, anche nei rapporti con i consulenti tecnici e legali incaricati dal condominio;<br> \u2013 alla gestione dei rapporti contrattuali con condomini e fornitori.<br> Il tutto nei modi e nei limiti necessari per perseguire dette finalit\u00e0.<br> La base giuridica del trattamento \u00e8 perci\u00f2 costituita dall&#8217;obbligo contrattuale del mandato, dalle norme di legge sull&#8217;amministrazione condominiale e dalle norme fiscali, contributive e simili.<br> L\u2019eventuale rifiuto di conferimento dei dati comporta l\u2019impossibilit\u00e0 di eseguire correttamente le obbligazioni assunte con il mandato amministrativo. In caso di necessit\u00e0 verranno attivate le procedure necessarie alla corretta compilazione e\/o aggiornamento del Registro Anagrafe condominiale, come previsto dall&#8217;art. 1130 comma 6 c.c.<\/li><li>CATEGORIE DEI DATI<br> Per il corretto svolgimento delle sopra dette attivit\u00e0, \u00e8 necessario che il titolare del trattamento sia in possesso dei seguenti dati:<br> a.    nominativi di proprietari e conduttori delle unit\u00e0 abitative, loro dati anagrafici e fiscali, indirizzi, recapiti telefonici (abitazione, luoghi di lavoro, cellulari), indirizzi di posta elettronica;<br> b.    dati catastali delle propriet\u00e0;<br> c.    informazioni sulla composizione del nucleo familiare (per i casi in cui sia necessario al calcolo della ripartizione delle spese relative, per esempio, al consumo di acqua).<br> I dati sono pervenuti a seguito del passaggio di consegne da parte del precedente amministratore, per trasmissione da parte dei condomini e\/o sono stati reperiti in forza degli obblighi di legge.<\/li><li>DESTINATARI<br> I dati potranno essere resi accessibili, portati a conoscenza o comunicati, per le finalit\u00e0 inerenti l\u2019amministrazione condominiale, ai seguenti soggetti o incaricati:<br> a.    i soci di Cesam S.r.l. che svolgono l&#8217;attivit\u00e0 di amministratore del condominio ed eventuali dipendenti o assistenti della societ\u00e0, relativamente ai dati personali necessari alla redazione del registro di anagrafe condominiale e ai contatti telefonici, l\u2019indirizzo email e\/o di posta elettronica certificata (PEC), necessari ad una corretta comunicazione tra l\u2019amministrazione e i singoli proprietari e i titolari di diritti reali e di diritti personali di godimento per questioni attinenti la gestione condominiale nonch\u00e9 per motivi di sicurezza condominiale;<br> b.    singoli proprietari e titolari di diritti reali e di diritti personali di godimento, relativamente ai propri dati forniti, con riferimento ai dati personali indicati nel registro di anagrafe condominiale;<br> c.    previa autorizzazione, numeri di telefono, email e PEC, a ditte di manutenzione o di fornitura di servizi, a consulenti tecnici, enti di servizio postale, banche, societ\u00e0 assicurative, avvocati o ad altri professionisti a seconda delle esigenze di gestione, su richiesta dell&#8217;interessato, ove ci\u00f2 si renda necessario per il corretto adempimento del mandato conferito;<br> d.    all&#8217;amministratore di condominio eventualmente incaricato in sostituzione di Cesam S.r.l., in sede di consegna della documentazione condominiale per il passaggio delle consegne.<br> In ogni caso, i dati non saranno diffusi a terzi estranei alla gestione condominiale.<\/li><li>TRASFERIMENTI<br> Non sono previsti trasferimenti dei dati personali a paesi terzi o a organizzazioni internazionali.<\/li><li>MODALIT\u00c0 DI TRATTAMENTO E CONSERVAZIONE<br> Il trattamento dei dati viene effettuato in forma cartacea e informatica. In entrambi i casi e mediante l\u2019adozione di idonee e preventive misure di sicurezza, i dati vengono custoditi in modo da ridurre al minimo i rischi di distruzione o perdita anche accidentale, di accesso non autorizzato o di trattamento non consentito o non conforme alle finalit\u00e0 della raccolta.<br> Il trattamento dei dati non \u00e8 caratterizzato da un processo decisionale automatizzato, n\u00e9 da modalit\u00e0 che comportino una Sua profilazione. <br> In ogni caso, i dati saranno conservati per un periodo di tempo non superiore a quello necessario al conseguimento delle finalit\u00e0 indicate.<br> In caso di revoca del mandato a Cesam S.r.l. o dimissioni della stessa, i dati saranno consegnati al nuovo amministratore e conservati in copia per il tempo necessario alla tutela dei diritti di questa societ\u00e0.<\/li><li>DIRITTI DELL\u2019INTERESSATO<br> La informiamo dell&#8217;esistenza di alcuni Suoi diritti sui dati personali e sulle relative modalit\u00e0 per esercitare gli stessi nei confronti del Titolare. In particolare, ai sensi degli articoli da 15 a 20 del GDPR 2016\/679, Lei avr\u00e0 il diritto di accesso ai dati (art. 15), diritto di rettifica (art. 16), diritto alla cancellazione (art. 17), diritto alla limitazione del trattamento (art. 18), diritto alla portabilit\u00e0 (art. 20), diritto di rivolgersi all&#8217;autorit\u00e0 Garante per la Protezione dei Dati Personali.<br> Ai sensi dell&#8217;art. 21 del GDPR, Lei godr\u00e0 altres\u00ec del diritto di opporsi in qualsiasi momento al trattamento dei propri dati effettuato per il perseguimento del legittimo interesse del Titolare.<br> La si informa inoltre che potr\u00e0 proporre reclamo al Garante per la Protezione dei Dati Personali nel caso in cui ritenga che siano stati violati i diritti di cui \u00e8 titolare ai sensi del GDPR.<\/li><li>FONTI<br> La informiamo che i dati personali che la riguardano possono essere raccolti mediante le seguenti fonti: <br>&#8211; tramite l\u2019interessato;<br>&#8211; tramite segnalazioni di Comuni o uffici della Pubblica Amministrazione;<br>&#8211; tramite banche dati (Agenzia delle Entrate, INPS, Agenzia del Territorio ecc.). <\/li><li>INDICAZIONI RIGUARDANTI LA CONSULTAZIONE DI QUESTO SITO WEB<br>Dati di navigazione<br>I sistemi informatici e le procedure software preposte al funzionamento di questo sito web acquisiscono, nel corso del loro normale esercizio, alcuni dati personali la cui trasmissione \u00e8 implicita nell&#8217;uso dei protocolli di comunicazione di Internet. Si tratta di informazioni che non sono raccolte per essere associate a interessati identificati, ma che per loro stessa natura potrebbero, attraverso elaborazioni ed associazioni con dati detenuti da terzi, permettere di identificare gli utenti.<br>In questa categoria di dati rientrano gli indirizzi IP o i nomi a dominio dei computer utilizzati dagli utenti che si connettono al sito, gli indirizzi in notazione URI (Uniform Resource Identifier) delle risorse richieste, l\u2019orario della richiesta, il metodo utilizzato nel sottoporre la richiesta al server, la dimensione del file ottenuto in risposta, il codice numerico indicante lo stato della risposta data dal server (buon fine, errore, ecc.) ed altri parametri relativi al sistema operativo e all&#8217;ambiente informatico dell\u2019utente. Questi dati vengono, al pi\u00f9, utilizzati al solo fine di ricavare informazioni statistiche anonime sull&#8217;uso del sito e per controllarne il corretto funzionamento. I dati potrebbero essere utilizzati per l\u2019accertamento di responsabilit\u00e0 in caso di ipotetici reati informatici ai danni del sito. <br>Dati forniti volontariamente dall&#8217;utente<br> L&#8217;invio facoltativo, esplicito e volontario di posta elettronica agli indirizzi indicati su questo sito comporta la successiva acquisizione dell&#8217;indirizzo del mittente, indispensabile per rispondere alle richieste, nonch\u00e9 degli eventuali altri dati personali inseriti nel messaggio. Il loro mancato conferimento, anche parziale, pu\u00f2 comportare l\u2019impossibilit\u00e0 di ottenere quanto richiesto.<\/li><\/ol>\n\n\n\n<p><\/p>\n","protected":false},"excerpt":{"rendered":"<p>INFORMATIVA REGOLAMENTO UE 2016\/679 (GDPR) Gent.le Sig.ra\/Egr. Sig., la nostra societ\u00e0, nello svolgimento dell\u2019amministrazione del Condominio, acquisisce e detiene alcuni suoi dati personali, indispensabili per consentire l\u2019attivit\u00e0 amministrativa e contabile che la riguarda. Gli articoli 13 e 14 del Regolamento UE 2016\/679, relativo alla protezione delle persone fisiche con riguardo al trattamento dei dati personali [&hellip;]<\/p>\n","protected":false},"author":1,"featured_media":0,"parent":0,"menu_order":0,"comment_status":"closed","ping_status":"closed","template":"","meta":{"footnotes":""},"class_list":["post-271","page","type-page","status-publish","hentry"],"_links":{"self":[{"href":"http:\/\/www.cesamsrl.com\/index.php?rest_route=\/wp\/v2\/pages\/271","targetHints":{"allow":["GET"]}}],"collection":[{"href":"http:\/\/www.cesamsrl.com\/index.php?rest_route=\/wp\/v2\/pages"}],"about":[{"href":"http:\/\/www.cesamsrl.com\/index.php?rest_route=\/wp\/v2\/types\/page"}],"author":[{"embeddable":true,"href":"http:\/\/www.cesamsrl.com\/index.php?rest_route=\/wp\/v2\/users\/1"}],"replies":[{"embeddable":true,"href":"http:\/\/www.cesamsrl.com\/index.php?rest_route=%2Fwp%2Fv2%2Fcomments&post=271"}],"version-history":[{"count":4,"href":"http:\/\/www.cesamsrl.com\/index.php?rest_route=\/wp\/v2\/pages\/271\/revisions"}],"predecessor-version":[{"id":326,"href":"http:\/\/www.cesamsrl.com\/index.php?rest_route=\/wp\/v2\/pages\/271\/revisions\/326"}],"wp:attachment":[{"href":"http:\/\/www.cesamsrl.com\/index.php?rest_route=%2Fwp%2Fv2%2Fmedia&parent=271"}],"curies":[{"name":"wp","href":"https:\/\/api.w.org\/{rel}","templated":true}]}}